{"id":202,"date":"2025-11-06T10:04:16","date_gmt":"2025-11-06T15:04:16","guid":{"rendered":"https:\/\/azafato.webintegral.com.co\/?page_id=202"},"modified":"2026-02-10T11:37:56","modified_gmt":"2026-02-10T16:37:56","slug":"tutoriales","status":"publish","type":"page","link":"https:\/\/azafato.cloud\/index.php\/tutoriales\/","title":{"rendered":"Tutoriales"},"content":{"rendered":"<div id=\"pl-202\"  class=\"panel-layout\" ><div id=\"pg-202-0\"  class=\"panel-grid panel-no-style\" ><div id=\"pgc-202-0-0\"  class=\"panel-grid-cell\" ><div id=\"panel-202-0-0-0\" class=\"so-panel widget widget_sow-image panel-first-child\" data-index=\"0\" ><div\n\t\t\t\n\t\t\tclass=\"so-widget-sow-image so-widget-sow-image-default-8b5b6f678277-202\"\n\t\t\t\n\t\t>\n<div class=\"sow-image-container\">\n\t\t\t<a href=\"https:\/\/azafato.cloud\/index.php\/2026\/02\/10\/ya-esta-disponible-el-nuevo-reporte-de-pagos\/\"\n\t\t\t\t\t>\n\t\t\t<img \n\tsrc=\"https:\/\/azafato.cloud\/wp-content\/uploads\/2026\/02\/Screenshot-2026-02-10-101457.png\" width=\"1530\" height=\"860\" srcset=\"https:\/\/azafato.cloud\/wp-content\/uploads\/2026\/02\/Screenshot-2026-02-10-101457.png 1530w, https:\/\/azafato.cloud\/wp-content\/uploads\/2026\/02\/Screenshot-2026-02-10-101457-300x169.png 300w, https:\/\/azafato.cloud\/wp-content\/uploads\/2026\/02\/Screenshot-2026-02-10-101457-1024x576.png 1024w, https:\/\/azafato.cloud\/wp-content\/uploads\/2026\/02\/Screenshot-2026-02-10-101457-768x432.png 768w, https:\/\/azafato.cloud\/wp-content\/uploads\/2026\/02\/Screenshot-2026-02-10-101457-650x365.png 650w\" sizes=\"(max-width: 1530px) 100vw, 1530px\" title=\"Screenshot 2026-02-10 101457\" alt=\"\" \t\tclass=\"so-widget-image\"\/>\n\t\t\t<\/a><\/div>\n\n<\/div><\/div><div id=\"panel-202-0-0-1\" class=\"so-panel widget widget_sow-headline panel-last-child\" data-index=\"1\" ><div\n\t\t\t\n\t\t\tclass=\"so-widget-sow-headline so-widget-sow-headline-default-37098fddfeb9-202\"\n\t\t\t\n\t\t><div class=\"sow-headline-container \">\n\t\t\t\t\t\t\t<h3 class=\"sow-headline\">\n\t\t\t\t\t\tYa est\u00e1 disponible el nuevo Reporte de Pagos.\t\t\t\t\t\t<\/h3>\n\t\t\t\t\t\t\t\t\t\t\t\t<p class=\"sow-sub-headline\">\n\t\t\t\t\t\tLes traemos el estreno que sus bolsillos estaban esperando: ya est\u00e1 disponible el nuevo Reporte de Pagos.\t\t\t\t\t\t<\/p>\n\t\t\t\t\t\t<\/div>\n<\/div><\/div><\/div><div id=\"pgc-202-0-1\"  class=\"panel-grid-cell\" ><div id=\"panel-202-0-1-0\" class=\"so-panel widget widget_sow-image panel-first-child\" data-index=\"2\" ><div\n\t\t\t\n\t\t\tclass=\"so-widget-sow-image so-widget-sow-image-default-8b5b6f678277-202\"\n\t\t\t\n\t\t>\n<div class=\"sow-image-container\">\n\t\t\t<a href=\"https:\/\/azafato.cloud\/index.php\/2026\/01\/08\/sabes-realmente-a-donde-viajan-tus-clientes\/\"\n\t\t\t\t\t>\n\t\t\t<img \n\tsrc=\"https:\/\/azafato.cloud\/wp-content\/uploads\/2026\/01\/Destino-img.png\" width=\"800\" height=\"800\" srcset=\"https:\/\/azafato.cloud\/wp-content\/uploads\/2026\/01\/Destino-img.png 800w, https:\/\/azafato.cloud\/wp-content\/uploads\/2026\/01\/Destino-img-300x300.png 300w, https:\/\/azafato.cloud\/wp-content\/uploads\/2026\/01\/Destino-img-150x150.png 150w, https:\/\/azafato.cloud\/wp-content\/uploads\/2026\/01\/Destino-img-768x768.png 768w, https:\/\/azafato.cloud\/wp-content\/uploads\/2026\/01\/Destino-img-650x650.png 650w\" sizes=\"(max-width: 800px) 100vw, 800px\" title=\"Destino img\" alt=\"\" \t\tclass=\"so-widget-image\"\/>\n\t\t\t<\/a><\/div>\n\n<\/div><\/div><div id=\"panel-202-0-1-1\" class=\"so-panel widget widget_sow-headline panel-last-child\" data-index=\"3\" ><div\n\t\t\t\n\t\t\tclass=\"so-widget-sow-headline so-widget-sow-headline-default-37098fddfeb9-202\"\n\t\t\t\n\t\t><div class=\"sow-headline-container \">\n\t\t\t\t\t\t\t<h3 class=\"sow-headline\">\n\t\t\t\t\t\t\u00bfSabes realmente a d\u00f3nde viajan tus clientes?\t\t\t\t\t\t<\/h3>\n\t\t\t\t\t\t\t\t\t\t\t\t<p class=\"sow-sub-headline\">\n\t\t\t\t\t\tTenemos una actualizaci\u00f3n que te va a encantar. Hemos a\u00f1adido el campo \u201cDestino\u201d a tus reservas.\t\t\t\t\t\t<\/p>\n\t\t\t\t\t\t<\/div>\n<\/div><\/div><\/div><div id=\"pgc-202-0-2\"  class=\"panel-grid-cell\" ><div id=\"panel-202-0-2-0\" class=\"so-panel widget widget_sow-image panel-first-child\" data-index=\"4\" ><div\n\t\t\t\n\t\t\tclass=\"so-widget-sow-image so-widget-sow-image-default-8b5b6f678277-202\"\n\t\t\t\n\t\t>\n<div class=\"sow-image-container\">\n\t\t\t<a href=\"https:\/\/azafato.cloud\/index.php\/2025\/08\/13\/como-acceder-y-autenticarse-al-azafato\/\"\n\t\t\t\t\t>\n\t\t\t<img \n\tsrc=\"https:\/\/azafato.cloud\/wp-content\/uploads\/2025\/08\/aut-Azafato.png\" width=\"1280\" height=\"715\" srcset=\"https:\/\/azafato.cloud\/wp-content\/uploads\/2025\/08\/aut-Azafato.png 1280w, https:\/\/azafato.cloud\/wp-content\/uploads\/2025\/08\/aut-Azafato-300x168.png 300w, https:\/\/azafato.cloud\/wp-content\/uploads\/2025\/08\/aut-Azafato-1024x572.png 1024w, https:\/\/azafato.cloud\/wp-content\/uploads\/2025\/08\/aut-Azafato-768x429.png 768w, https:\/\/azafato.cloud\/wp-content\/uploads\/2025\/08\/aut-Azafato-650x363.png 650w\" sizes=\"(max-width: 1280px) 100vw, 1280px\" title=\"aut Azafato\" alt=\"\" \t\tclass=\"so-widget-image\"\/>\n\t\t\t<\/a><\/div>\n\n<\/div><\/div><div id=\"panel-202-0-2-1\" class=\"so-panel widget widget_sow-headline panel-last-child\" data-index=\"5\" ><div\n\t\t\t\n\t\t\tclass=\"so-widget-sow-headline so-widget-sow-headline-default-37098fddfeb9-202\"\n\t\t\t\n\t\t><div class=\"sow-headline-container \">\n\t\t\t\t\t\t\t<h3 class=\"sow-headline\">\n\t\t\t\t\t\tC\u00f3mo acceder y autenticarse al Azafato\t\t\t\t\t\t<\/h3>\n\t\t\t\t\t\t\t\t\t\t\t\t<p class=\"sow-sub-headline\">\n\t\t\t\t\t\tPara ingresar al Azafato solo tienes que digitar en la barra de direcciones de tu navegador favorito la Url https:\/\/azafato.cloud\/...\t\t\t\t\t\t<\/p>\n\t\t\t\t\t\t<\/div>\n<\/div><\/div><\/div><\/div><div id=\"pg-202-1\"  class=\"panel-grid panel-no-style\" ><div id=\"pgc-202-1-0\"  class=\"panel-grid-cell\" ><div id=\"panel-202-1-0-0\" class=\"so-panel widget widget_sow-image panel-first-child\" data-index=\"6\" ><div\n\t\t\t\n\t\t\tclass=\"so-widget-sow-image so-widget-sow-image-default-8b5b6f678277-202\"\n\t\t\t\n\t\t>\n<div class=\"sow-image-container\">\n\t\t\t<a href=\"https:\/\/azafato.cloud\/index.php\/2025\/08\/13\/genera-tu-reporte-de-reservas-desde-el-azafato\/\"\n\t\t\t\t\t>\n\t\t\t<img \n\tsrc=\"https:\/\/azafato.cloud\/wp-content\/uploads\/2025\/08\/Screenshot-2025-08-01-140623.png\" width=\"1280\" height=\"715\" srcset=\"https:\/\/azafato.cloud\/wp-content\/uploads\/2025\/08\/Screenshot-2025-08-01-140623.png 1280w, https:\/\/azafato.cloud\/wp-content\/uploads\/2025\/08\/Screenshot-2025-08-01-140623-300x168.png 300w, https:\/\/azafato.cloud\/wp-content\/uploads\/2025\/08\/Screenshot-2025-08-01-140623-1024x572.png 1024w, https:\/\/azafato.cloud\/wp-content\/uploads\/2025\/08\/Screenshot-2025-08-01-140623-768x429.png 768w, https:\/\/azafato.cloud\/wp-content\/uploads\/2025\/08\/Screenshot-2025-08-01-140623-650x363.png 650w\" sizes=\"(max-width: 1280px) 100vw, 1280px\" title=\"Screenshot 2025-08-01 140623\" alt=\"\" \t\tclass=\"so-widget-image\"\/>\n\t\t\t<\/a><\/div>\n\n<\/div><\/div><div id=\"panel-202-1-0-1\" class=\"so-panel widget widget_sow-headline panel-last-child\" data-index=\"7\" ><div\n\t\t\t\n\t\t\tclass=\"so-widget-sow-headline so-widget-sow-headline-default-37098fddfeb9-202\"\n\t\t\t\n\t\t><div class=\"sow-headline-container \">\n\t\t\t\t\t\t\t<h3 class=\"sow-headline\">\n\t\t\t\t\t\tGenera tu reporte de reservas desde el Azafato\t\t\t\t\t\t<\/h3>\n\t\t\t\t\t\t\t\t\t\t\t\t<p class=\"sow-sub-headline\">\n\t\t\t\t\t\tVideo: As\u00ed de f\u00e1cil es generar tu reporte de reservas en el Azafato. \t\t\t\t\t\t<\/p>\n\t\t\t\t\t\t<\/div>\n<\/div><\/div><\/div><div id=\"pgc-202-1-1\"  class=\"panel-grid-cell panel-grid-cell-empty panel-grid-cell-mobile-last\" ><\/div><div id=\"pgc-202-1-2\"  class=\"panel-grid-cell panel-grid-cell-empty\" ><\/div><\/div><div id=\"pg-202-2\"  class=\"panel-grid panel-no-style\" ><div id=\"pgc-202-2-0\"  class=\"panel-grid-cell\" ><div id=\"panel-202-2-0-0\" class=\"so-panel widget widget_sow-headline panel-first-child\" data-index=\"8\" ><div\n\t\t\t\n\t\t\tclass=\"so-widget-sow-headline so-widget-sow-headline-default-37098fddfeb9-202\"\n\t\t\t\n\t\t><div class=\"sow-headline-container \">\n\t\t\t\t\t\t\t<h3 class=\"sow-headline\">\n\t\t\t\t\t\tEncuentra m\u00e1s informaci\u00f3n de inter\u00e9s...\t\t\t\t\t\t<\/h3>\n\t\t\t\t\t\t<\/div>\n<\/div><\/div><div id=\"panel-202-2-0-1\" class=\"so-panel widget widget_sow-post-carousel panel-last-child\" data-index=\"9\" ><div\n\t\t\t\n\t\t\tclass=\"so-widget-sow-post-carousel so-widget-sow-post-carousel-base-0471499d4c66-202\"\n\t\t\t\n\t\t>\t<div\n\t\tclass=\"sow-post-carousel-wrapper sow-post-carousel-theme-base\"\n\t\tstyle=\"overflow: hidden; max-width: 100%; min-height: 182px\"\n\t>\n\t\t<div class=\"sow-carousel-title\">\n\t\t\t<div class=\"sow-carousel-navigation \">\n\t\t\t\t\t\t<a href=\"#\" class=\"sow-carousel-next\" title=\"Siguiente\" aria-label=\"Entradas siguientes\" role=\"button\"><\/a>\n\t\t\t\t\t\t<a href=\"#\" class=\"sow-carousel-previous\" title=\"Anterior\" aria-label=\"Entradas anteriores\" role=\"button\"><\/a>\n\t\t\t\t\t<\/div>\n\t<\/div>\n\n<div class=\"sow-carousel-container \">\n\t\t<div class=\"sow-carousel-wrapper\"\n\t\tdata-dir=\"ltr\"\n\t\tstyle=\"opacity: 0;\"\n\t\tdata-widget=\"post\" data-fetching=\"false\" data-page=\"1\" data-ajax-url=\"https:\/\/azafato.cloud\/wp-admin\/admin-ajax.php?_widgets_nonce=da143f798c\" data-item_count=\"7\" data-carousel_settings=\"{&quot;loop&quot;:true,&quot;animation&quot;:&quot;ease&quot;,&quot;animation_speed&quot;:400,&quot;autoplay&quot;:&quot;off&quot;,&quot;pauseOnHover&quot;:&quot;&quot;,&quot;autoplaySpeed&quot;:8000,&quot;item_overflow&quot;:true,&quot;autoplay_continuous_scroll&quot;:false}\" data-responsive=\"{&quot;desktop_slides_to_scroll&quot;:1,&quot;tablet_landscape_breakpoint&quot;:1366,&quot;tablet_landscape_slides_to_scroll&quot;:2,&quot;tablet_portrait_breakpoint&quot;:1025,&quot;tablet_portrait_slides_to_scroll&quot;:2,&quot;mobile_breakpoint&quot;:480,&quot;mobile_slides_to_scroll&quot;:1}\" data-variable_width=\"true\" \t>\n\t\t<div\n\t\t\tclass=\"sow-carousel-items\"\n\t\t\t\t\t>\n\t\t\t\t<div class=\"sow-carousel-item\" tabindex=\"-1\" style=\"float: left;\">\n\t\t<div class=\"sow-carousel-thumbnail\">\n\t\t\t\t\t\t\t<a\n\t\t\t\t\thref=\"https:\/\/azafato.cloud\/index.php\/2025\/05\/02\/10-sitios-web-de-ia-para-agentes-que-no-creeras-que-son-gratis\/\"\n\t\t\t\t\t\t\t\t\t\tstyle=\"background-image: url( https:\/\/azafato.cloud\/wp-content\/uploads\/2025\/05\/WhatsApp-Image-2025-05-02-at-1.56.50-PM-272x182.jpeg )\"\n\t\t\t\t\taria-labelledby=\"sow-carousel-id-35\"\n\t\t\t\t\ttabindex=\"-1\"\n\t\t\t\t>\n\t\t\t\t\t<span class=\"overlay\"><\/span>\n\t\t\t\t<\/a>\n\t\t\t\t\t<\/div>\n\t\t<h3 class=\"sow-carousel-item-title\">\n\t\t\t<a\n\t\t\t\thref=\"https:\/\/azafato.cloud\/index.php\/2025\/05\/02\/10-sitios-web-de-ia-para-agentes-que-no-creeras-que-son-gratis\/\"\n\t\t\t\tid=\"sow-carousel-id-35\"\n\t\t\t\t\t\t\t\ttabindex=\"-1\"\n\t\t\t>\n\n\t\t\t\t10 Sitios Web de IA para Agentes, que no creer\u00e1s que Son Gratis\t\t\t<\/a>\n\t\t<\/h3>\n\t<\/div>\n\t\t<div class=\"sow-carousel-item\" tabindex=\"-1\" style=\"float: left;\">\n\t\t<div class=\"sow-carousel-thumbnail\">\n\t\t\t\t\t\t\t<a\n\t\t\t\t\thref=\"https:\/\/azafato.cloud\/index.php\/2024\/10\/04\/el-prompt-el-arma-secreta-para-dominar-cualquier-ia\/\"\n\t\t\t\t\t\t\t\t\t\tstyle=\"background-image: url( https:\/\/azafato.cloud\/wp-content\/uploads\/2025\/05\/el-prompt-en-una-IA-272x182.jpg )\"\n\t\t\t\t\taria-labelledby=\"sow-carousel-id-1\"\n\t\t\t\t\ttabindex=\"-1\"\n\t\t\t\t>\n\t\t\t\t\t<span class=\"overlay\"><\/span>\n\t\t\t\t<\/a>\n\t\t\t\t\t<\/div>\n\t\t<h3 class=\"sow-carousel-item-title\">\n\t\t\t<a\n\t\t\t\thref=\"https:\/\/azafato.cloud\/index.php\/2024\/10\/04\/el-prompt-el-arma-secreta-para-dominar-cualquier-ia\/\"\n\t\t\t\tid=\"sow-carousel-id-1\"\n\t\t\t\t\t\t\t\ttabindex=\"-1\"\n\t\t\t>\n\n\t\t\t\tEl prompt: \u00a1El arma secreta para dominar cualquier IA!\t\t\t<\/a>\n\t\t<\/h3>\n\t<\/div>\n\t\t<div class=\"sow-carousel-item\" tabindex=\"-1\" style=\"float: left;\">\n\t\t<div class=\"sow-carousel-thumbnail\">\n\t\t\t\t\t\t\t<a\n\t\t\t\t\thref=\"https:\/\/azafato.cloud\/index.php\/2024\/09\/20\/remplazara-la-inteligencia-artificial-a-los-agentes-de-viajes\/\"\n\t\t\t\t\t\t\t\t\t\tstyle=\"background-image: url( https:\/\/azafato.cloud\/wp-content\/uploads\/2025\/05\/IA-agente-de-viajes-272x182.jpg )\"\n\t\t\t\t\taria-labelledby=\"sow-carousel-id-17\"\n\t\t\t\t\ttabindex=\"-1\"\n\t\t\t\t>\n\t\t\t\t\t<span class=\"overlay\"><\/span>\n\t\t\t\t<\/a>\n\t\t\t\t\t<\/div>\n\t\t<h3 class=\"sow-carousel-item-title\">\n\t\t\t<a\n\t\t\t\thref=\"https:\/\/azafato.cloud\/index.php\/2024\/09\/20\/remplazara-la-inteligencia-artificial-a-los-agentes-de-viajes\/\"\n\t\t\t\tid=\"sow-carousel-id-17\"\n\t\t\t\t\t\t\t\ttabindex=\"-1\"\n\t\t\t>\n\n\t\t\t\t\u00bfRemplazar\u00e1 la Inteligencia artificial a los agentes de viajes?\t\t\t<\/a>\n\t\t<\/h3>\n\t<\/div>\n\t\t<div class=\"sow-carousel-item\" tabindex=\"-1\" style=\"float: left;\">\n\t\t<div class=\"sow-carousel-thumbnail\">\n\t\t\t\t\t\t\t<a\n\t\t\t\t\thref=\"https:\/\/azafato.cloud\/index.php\/2024\/09\/06\/te-presento-a-gemini-la-ia-de-google\/\"\n\t\t\t\t\t\t\t\t\t\tstyle=\"background-image: url( https:\/\/azafato.cloud\/wp-content\/uploads\/2025\/05\/gemini-272x182.jpg )\"\n\t\t\t\t\taria-labelledby=\"sow-carousel-id-22\"\n\t\t\t\t\ttabindex=\"-1\"\n\t\t\t\t>\n\t\t\t\t\t<span class=\"overlay\"><\/span>\n\t\t\t\t<\/a>\n\t\t\t\t\t<\/div>\n\t\t<h3 class=\"sow-carousel-item-title\">\n\t\t\t<a\n\t\t\t\thref=\"https:\/\/azafato.cloud\/index.php\/2024\/09\/06\/te-presento-a-gemini-la-ia-de-google\/\"\n\t\t\t\tid=\"sow-carousel-id-22\"\n\t\t\t\t\t\t\t\ttabindex=\"-1\"\n\t\t\t>\n\n\t\t\t\tTe presento a Gemini, la IA de Google\t\t\t<\/a>\n\t\t<\/h3>\n\t<\/div>\n\t\t<div class=\"sow-carousel-item\" tabindex=\"-1\" style=\"float: left;\">\n\t\t<div class=\"sow-carousel-thumbnail\">\n\t\t\t\t\t\t\t<a\n\t\t\t\t\thref=\"https:\/\/azafato.cloud\/index.php\/2024\/08\/28\/adios-al-estres-la-ia-al-rescate-de-los-agentes-de-viajes\/\"\n\t\t\t\t\t\t\t\t\t\tstyle=\"background-image: url( https:\/\/azafato.cloud\/wp-content\/uploads\/2025\/05\/happy-robot-on-vacation-sticker-272x182.jpg )\"\n\t\t\t\t\taria-labelledby=\"sow-carousel-id-100\"\n\t\t\t\t\ttabindex=\"-1\"\n\t\t\t\t>\n\t\t\t\t\t<span class=\"overlay\"><\/span>\n\t\t\t\t<\/a>\n\t\t\t\t\t<\/div>\n\t\t<h3 class=\"sow-carousel-item-title\">\n\t\t\t<a\n\t\t\t\thref=\"https:\/\/azafato.cloud\/index.php\/2024\/08\/28\/adios-al-estres-la-ia-al-rescate-de-los-agentes-de-viajes\/\"\n\t\t\t\tid=\"sow-carousel-id-100\"\n\t\t\t\t\t\t\t\ttabindex=\"-1\"\n\t\t\t>\n\n\t\t\t\t\u00a1Adi\u00f3s al estr\u00e9s! La IA al rescate de los agentes de viajes\t\t\t<\/a>\n\t\t<\/h3>\n\t<\/div>\n\t\t<div class=\"sow-carousel-item\" tabindex=\"-1\" style=\"float: left;\">\n\t\t<div class=\"sow-carousel-thumbnail\">\n\t\t\t\t\t\t\t<a\n\t\t\t\t\thref=\"https:\/\/azafato.cloud\/index.php\/2018\/02\/27\/amadeus-de-coquito-2-como-consultar-la-disponibilidad-de-vuelos\/\"\n\t\t\t\t\t\t\t\t\t\tstyle=\"background-image: url( https:\/\/azafato.cloud\/wp-content\/uploads\/2025\/05\/an1-7-272x182.png )\"\n\t\t\t\t\taria-labelledby=\"sow-carousel-id-107\"\n\t\t\t\t\ttabindex=\"-1\"\n\t\t\t\t>\n\t\t\t\t\t<span class=\"overlay\"><\/span>\n\t\t\t\t<\/a>\n\t\t\t\t\t<\/div>\n\t\t<h3 class=\"sow-carousel-item-title\">\n\t\t\t<a\n\t\t\t\thref=\"https:\/\/azafato.cloud\/index.php\/2018\/02\/27\/amadeus-de-coquito-2-como-consultar-la-disponibilidad-de-vuelos\/\"\n\t\t\t\tid=\"sow-carousel-id-107\"\n\t\t\t\t\t\t\t\ttabindex=\"-1\"\n\t\t\t>\n\n\t\t\t\tAmadeus de Coquito 2 \u2013 \u00bfC\u00f3mo consultar la disponibilidad de vuelos?\t\t\t<\/a>\n\t\t<\/h3>\n\t<\/div>\n\t\t<div class=\"sow-carousel-item\" tabindex=\"-1\" style=\"float: left;\">\n\t\t<div class=\"sow-carousel-thumbnail\">\n\t\t\t\t\t\t\t<a\n\t\t\t\t\thref=\"https:\/\/azafato.cloud\/index.php\/2018\/02\/26\/amadeus-de-coquito-1-como-codificar-y-decodificar-ciudades-aeropuertos-paises-y-mas\/\"\n\t\t\t\t\t\t\t\t\t\tstyle=\"background-image: url( https:\/\/azafato.cloud\/wp-content\/uploads\/2025\/05\/Anotacion-2019-08-06-163520-272x182.png )\"\n\t\t\t\t\taria-labelledby=\"sow-carousel-id-103\"\n\t\t\t\t\ttabindex=\"-1\"\n\t\t\t\t>\n\t\t\t\t\t<span class=\"overlay\"><\/span>\n\t\t\t\t<\/a>\n\t\t\t\t\t<\/div>\n\t\t<h3 class=\"sow-carousel-item-title\">\n\t\t\t<a\n\t\t\t\thref=\"https:\/\/azafato.cloud\/index.php\/2018\/02\/26\/amadeus-de-coquito-1-como-codificar-y-decodificar-ciudades-aeropuertos-paises-y-mas\/\"\n\t\t\t\tid=\"sow-carousel-id-103\"\n\t\t\t\t\t\t\t\ttabindex=\"-1\"\n\t\t\t>\n\n\t\t\t\tAmadeus de Coquito 1 &#8211; \u00bfC\u00f3mo codificar y decodificar ciudades, aeropuertos, pa\u00edses y m\u00e1s?\t\t\t<\/a>\n\t\t<\/h3>\n\t<\/div>\n\t\t\t<\/div>\n\t\t\t<\/div>\n\n\t<\/div>\n\t\t<input type=\"hidden\" name=\"instance_hash\" value=\"ce044c96\"\/>\n\t<\/div>\n<\/div><\/div><\/div><\/div><\/div>","protected":false},"excerpt":{"rendered":"<p>Ya est\u00e1 disponible el nuevo Reporte de Pagos. Les traemos el estreno que sus bolsillos estaban esperando: ya est\u00e1 disponible el nuevo Reporte de Pagos. \u00bfSabes realmente a d\u00f3nde viajan tus clientes? Tenemos una actualizaci\u00f3n que te va a encantar. Hemos a\u00f1adido el campo \u201cDestino\u201d a tus reservas. C\u00f3mo acceder y autenticarse al Azafato Para [&hellip;]<\/p>\n","protected":false},"author":1,"featured_media":0,"parent":0,"menu_order":0,"comment_status":"closed","ping_status":"closed","template":"","meta":{"footnotes":""},"class_list":["post-202","page","type-page","status-publish","hentry","post"],"_links":{"self":[{"href":"https:\/\/azafato.cloud\/index.php\/wp-json\/wp\/v2\/pages\/202","targetHints":{"allow":["GET"]}}],"collection":[{"href":"https:\/\/azafato.cloud\/index.php\/wp-json\/wp\/v2\/pages"}],"about":[{"href":"https:\/\/azafato.cloud\/index.php\/wp-json\/wp\/v2\/types\/page"}],"author":[{"embeddable":true,"href":"https:\/\/azafato.cloud\/index.php\/wp-json\/wp\/v2\/users\/1"}],"replies":[{"embeddable":true,"href":"https:\/\/azafato.cloud\/index.php\/wp-json\/wp\/v2\/comments?post=202"}],"version-history":[{"count":0,"href":"https:\/\/azafato.cloud\/index.php\/wp-json\/wp\/v2\/pages\/202\/revisions"}],"wp:attachment":[{"href":"https:\/\/azafato.cloud\/index.php\/wp-json\/wp\/v2\/media?parent=202"}],"curies":[{"name":"wp","href":"https:\/\/api.w.org\/{rel}","templated":true}]}}