{"id":186,"date":"2025-10-28T16:51:07","date_gmt":"2025-10-28T21:51:07","guid":{"rendered":"https:\/\/azafato.webintegral.com.co\/?page_id=186"},"modified":"2025-10-28T17:12:47","modified_gmt":"2025-10-28T22:12:47","slug":"registrate-en-el-azafato","status":"publish","type":"page","link":"https:\/\/azafato.cloud\/index.php\/registrate-en-el-azafato\/","title":{"rendered":"Registrate en el Azafato"},"content":{"rendered":"<div id=\"pl-186\"  class=\"panel-layout\" ><div id=\"pg-186-0\"  class=\"panel-grid panel-no-style\" ><div id=\"pgc-186-0-0\"  class=\"panel-grid-cell\" ><div id=\"panel-186-0-0-0\" class=\"so-panel widget widget_sow-headline panel-first-child\" data-index=\"0\" ><div\n\t\t\t\n\t\t\tclass=\"so-widget-sow-headline so-widget-sow-headline-default-9df4271d3fdf-186\"\n\t\t\t\n\t\t><div class=\"sow-headline-container \">\n\t\t\t\t\t\t\t<h2 class=\"sow-headline\">\n\t\t\t\t\t\tCrea una cuenta en el Azafato\t\t\t\t\t\t<\/h2>\n\t\t\t\t\t\t\t\t\t\t\t\t<h4 class=\"sow-sub-headline\">\n\t\t\t\t\t\t\u00a1Bienvenido\/a! \ud83d\udc4b Estamos muy contentos de que te unas. <br \/><strong> Tu registro incluye una prueba gratuita de 30 d\u00edas que comienza hoy, en el PACK FREELANCE<\/strong>. Puedes hacer el upgrade a un plan premium en el momento que desees.<br \/> <br \/>Para crear tu cuenta y activar tu acceso a la aplicaci\u00f3n, te pediremos algunos datos clave de tu organizaci\u00f3n y tambi\u00e9n los tuyos como usuario principal. \u00a1Comencemos a explorar!\t\t\t\t\t\t<\/h4>\n\t\t\t\t\t\t<\/div>\n<\/div><\/div><div id=\"panel-186-0-0-1\" class=\"so-panel widget widget_sow-editor panel-last-child\" data-index=\"1\" ><div\n\t\t\t\n\t\t\tclass=\"so-widget-sow-editor so-widget-sow-editor-base\"\n\t\t\t\n\t\t>\n<div class=\"siteorigin-widget-tinymce textwidget\">\n\t<p>[wpforms id=\"181\"]<\/p>\n<\/div>\n<\/div><\/div><\/div><\/div><\/div>","protected":false},"excerpt":{"rendered":"<p>[wpforms id=&#8221;181&#8243;]<\/p>\n","protected":false},"author":1,"featured_media":0,"parent":0,"menu_order":0,"comment_status":"closed","ping_status":"closed","template":"","meta":{"footnotes":""},"class_list":["post-186","page","type-page","status-publish","hentry","post"],"_links":{"self":[{"href":"https:\/\/azafato.cloud\/index.php\/wp-json\/wp\/v2\/pages\/186","targetHints":{"allow":["GET"]}}],"collection":[{"href":"https:\/\/azafato.cloud\/index.php\/wp-json\/wp\/v2\/pages"}],"about":[{"href":"https:\/\/azafato.cloud\/index.php\/wp-json\/wp\/v2\/types\/page"}],"author":[{"embeddable":true,"href":"https:\/\/azafato.cloud\/index.php\/wp-json\/wp\/v2\/users\/1"}],"replies":[{"embeddable":true,"href":"https:\/\/azafato.cloud\/index.php\/wp-json\/wp\/v2\/comments?post=186"}],"version-history":[{"count":0,"href":"https:\/\/azafato.cloud\/index.php\/wp-json\/wp\/v2\/pages\/186\/revisions"}],"wp:attachment":[{"href":"https:\/\/azafato.cloud\/index.php\/wp-json\/wp\/v2\/media?parent=186"}],"curies":[{"name":"wp","href":"https:\/\/api.w.org\/{rel}","templated":true}]}}